{"id":668,"date":"2024-11-08T11:33:16","date_gmt":"2024-11-08T11:33:16","guid":{"rendered":"https:\/\/sanxenxodeluxe.com\/?page_id=668"},"modified":"2026-02-25T11:29:29","modified_gmt":"2026-02-25T11:29:29","slug":"normas-conducta","status":"publish","type":"page","link":"https:\/\/sanxenxodeluxe.com\/es_es\/normas-conducta\/","title":{"rendered":"Normas y Pol\u00edtica | Sanxenxo Deluxe"},"content":{"rendered":"\t\t<div data-elementor-type=\"wp-page\" data-elementor-id=\"668\" class=\"elementor elementor-668\">\n\t\t\t\t<div class=\"elementor-element elementor-element-80b7111 e-flex e-con-boxed e-con e-parent\" data-id=\"80b7111\" data-element_type=\"container\" data-e-type=\"container\" data-settings=\"{&quot;background_background&quot;:&quot;classic&quot;}\">\n\t\t\t\t\t<div class=\"e-con-inner\">\n\t\t\t\t<div class=\"elementor-element elementor-element-41f912f elementor-widget elementor-widget-heading\" data-id=\"41f912f\" data-element_type=\"widget\" data-e-type=\"widget\" data-widget_type=\"heading.default\">\n\t\t\t\t<div class=\"elementor-widget-container\">\n\t\t\t\t\t<h1 class=\"elementor-heading-title elementor-size-default\">Normas y Pol\u00edtica<\/h1>\t\t\t\t<\/div>\n\t\t\t\t<\/div>\n\t\t\t\t\t<\/div>\n\t\t\t\t<\/div>\n\t\t<div class=\"elementor-element elementor-element-4d9a3b5 e-flex e-con-boxed e-con e-parent\" data-id=\"4d9a3b5\" data-element_type=\"container\" data-e-type=\"container\">\n\t\t\t\t\t<div class=\"e-con-inner\">\n\t\t\t\t<div class=\"elementor-element elementor-element-d336d70 elementor-widget elementor-widget-text-editor\" data-id=\"d336d70\" data-element_type=\"widget\" data-e-type=\"widget\" data-widget_type=\"text-editor.default\">\n\t\t\t\t<div class=\"elementor-widget-container\">\n\t\t\t\t\t\t\t\t\t<p><span style=\"font-style: inherit; font-weight: inherit; background-color: var(--ast-global-color-5);\">Nuestras normas y pol\u00edtica tienen el objetivo de garantizar la calidad de la estancia de todos los hu\u00e9spedes, marcando una serie de reglas que todo el mundo debe cumplir para el correcto funcionamiento de las instalaciones.<\/span><\/p><p><b>Reservas<\/b><\/p><p>Las reservas de los apartamentos se podr\u00e1n realizar a trav\u00e9s de los siguientes canales:<\/p><ul><li>Email: reservas@sanxenxodeluxe.com<\/li><li>Tel\u00e9fono: +34 616 266 547<\/li><li>Portal de reservas de Booking<\/li><\/ul><p>Para que la reserva sea confirmada, es necesario ingresar el 100% del importe total de la reserva en la cuenta bancaria del establecimiento (que se indicar\u00e1 durante el proceso de reserva). Dicho pago deber\u00e1 realizarse en un plazo m\u00e1ximo de 48 horas para confirmar la reserva. Si el importe no se ingresa en ese plazo de tiempo, la reserva ser\u00e1 cancelada.<\/p><p><b>Check-in y check-out<\/b><\/p><p>El horario de entrada es a partir de las 16:00h del d\u00eda de la reserva. Se ofrece early check-in sujeto a disponibilidad y a un coste adicional.<\/p><p>El horario de check-out es a las 11:00h, por lo que todos los hu\u00e9spedes deber\u00e1n vaciar el apartamento a esa hora como m\u00e1ximo. Tambi\u00e9n se ofrece late check-out\u00a0<span style=\"background-color: var(--ast-global-color-5);\">sujeto a disponibilidad y a un coste adicional.<\/span><\/p><p><b>Cancelaciones<\/b><\/p><p><span style=\"font-style: inherit; font-weight: inherit; background-color: var(--ast-global-color-5);\">Nuestra Pol\u00edtica de Cancelaci\u00f3n var\u00eda dependiendo de la temporada y la duraci\u00f3n de la estancia. Recomendamos que nos consulte para revisar los t\u00e9rminos y condiciones espec\u00edficos al hacer la reserva.\u00a0<\/span><\/p><p>La formalizaci\u00f3n de la reserva quedar\u00e1 efectiva con el ingreso del 50% del importe del total de la estancia. Dicho importe ser\u00e1 reembolsable por la totalidad del importe pagado, en caso de que se cancele la reserva con 30 d\u00edas de antelaci\u00f3n a la fecha de llegada.<\/p><p>Si dicha cancelaci\u00f3n se realiza con menos de 30 d\u00edas previos a la llegada al apartamento, el importe abonado NO ser\u00e1 reembolsado.\u00a0<\/p><p>El 50% restante del importe total de la estancia deber\u00e1 ser abonado 30 d\u00edas antes de la fecha de check-in.<\/p><p><b>Precio<\/b><\/p><p>El precio de cada apartamento es el indicado a la hora de hacer la reserva. Dicho precio incluye los servicios especificados en la secci\u00f3n de servicios de nuestra web.<\/p><p><b>Costes no incluidos en el precio de la reserva<\/b><\/p><ul><li>Plaza de aparcamiento: coste adicional de 10\u20ac\/d\u00eda. Se debe reservar de forma anticipada.<\/li><li>Cunas de beb\u00e9: coste adicional de 10\u20ac por cuna (por estancia).<\/li><li>Lavander\u00eda autoservicio: la lavadora tiene un coste de 3,50\u20ac por lavado y la secadora, de 3,00\u20ac por secado. Ambos electrodom\u00e9sticos cuentan con un sistema integrado de pago con tarjeta y con monedas.<\/li><\/ul><p>La administraci\u00f3n se reserva el derecho de pedir una fianza de 500\u20ac en el momento del check-in. La cuant\u00eda ser\u00e1 devuelta en un periodo m\u00e1ximo de 24 horas tras la salida de los hu\u00e9spedes y tras comprobar el estado del apartamento.<\/p><p><b>Acceso a las instalaciones<\/b><\/p><p>A la llegada de los hu\u00e9spedes, se comprobar\u00e1n los datos de la reserva y se rellenar\u00e1 una ficha de entrada (para la que es necesario presentar el DNI o pasaporte de todos los ocupantes). Esta ficha se enviar\u00e1 a los cuerpos de seguridad del estado siguiendo la legislaci\u00f3n vigente.\u00a0<\/p><p>Asimismo, tambi\u00e9n deber\u00e1 realizarse el pago del 50% restante de la reserva para poder acceder a las instalaciones.<\/p><p>La ocupaci\u00f3n m\u00e1xima de cada apartamento est\u00e1 indicada en esta p\u00e1gina web. La administraci\u00f3n de los apartamentos puede negar la entrada a las personas no declaradas durante el check-in. El acceso de las personas no declaradas debe ser comunicado y aprobado por la administraci\u00f3n. Ninguna persona no declarada podr\u00e1 permanecer en las instalaciones m\u00e1s tarde de las 22 horas.<\/p><p><b>Comportamiento.<\/b><\/p><p>Todos los hu\u00e9spedes deben respetar las normas b\u00e1sicas y generales de convivencia. Actividades que impidan el uso y disfrute de las instalaciones y\/o conlleven quejas fundadas de otros hu\u00e9spedes (ruido excesivo, fiestas, etc.) podr\u00e1n causar el desalojo inmediato del apartamento sin derecho a indemnizaci\u00f3n ni devoluci\u00f3n de la reserva.<\/p><p>Los hu\u00e9spedes tienen la obligaci\u00f3n de cuidar de los muebles y electrodom\u00e9sticos del apartamento, teniendo que hacerse cargo de los da\u00f1os que se produzcan. Asimismo, la administraci\u00f3n no se hace responsable de las pertenencias de los hu\u00e9spedes.<\/p><p>El apartamento se entregar\u00e1 completamente limpio y ordenado. Es obligaci\u00f3n de los hu\u00e9spedes mantener unas buenas condiciones higi\u00e9nicas durante su estancia.\u00a0<\/p><p>No se permite fumar ni el acceso a mascotas.<\/p><p><b>Prohibiciones.<\/b><\/p><p>Queda prohibido a todos los hu\u00e9spedes:<\/p><ul><li>El pernocte de personas no declaradas y no autorizadas.<\/li><li>Superar la capacidad m\u00e1xima de hu\u00e9spedes por apartamento.<\/li><li>Organizar fiestas o realizar cualquier otra actividad mencionada en estas normas que altere el correcto funcionamiento del alojamiento.<\/li><li>Utilizar sin autorizaci\u00f3n aparatos que incrementen considerablemente los consumos previstos en los suministros.<\/li><li>\u00a0Utilizar las instalaciones para cualquier otro uso distinto al que se ha contratado.<\/li><li>\u00a0 Traer muebles externos o realizar obras o reparaciones.<\/li><li>\u00a0Introducir sustancias peligrosas que puedan causar da\u00f1os o molestias.<\/li><\/ul><p><b>Desalojo de los apartamentos.<\/b><\/p><p>El incumplimiento de las normas aqu\u00ed establecidas por parte de los hu\u00e9spedes da el derecho a Sanxenxo Deluxe a rescindir el contrato y desalojar a las personas implicadas. La administraci\u00f3n podr\u00e1 llamar a los cuerpos de seguridad del Estado para ese prop\u00f3sito en caso de que dichas personas se nieguen a su desalojo.<\/p><p>Estas normas est\u00e1n creadas en base al decreto 52\/2011 del 24 de marzo, por el que se establece la ordenaci\u00f3n de apartamentos y viviendas tur\u00edsticas en la Comunidad Aut\u00f3noma de Galicia. Dicho decreto recoge que los establecimientos de apartamentos y viviendas tur\u00edsticos podr\u00e1n disponer de reglamento de r\u00e9gimen interno que establezca normas de obligado cumplimiento para los usuarios durante su estad\u00eda, sin que en ning\u00fan caso puedan suponer discriminaciones por raz\u00f3n de nacimiento, raza, sexo, religi\u00f3n, opini\u00f3n u otra circunstancia personal o social.<\/p>\t\t\t\t\t\t\t\t<\/div>\n\t\t\t\t<\/div>\n\t\t\t\t\t<\/div>\n\t\t\t\t<\/div>\n\t\t\t\t<\/div>\n\t\t","protected":false},"excerpt":{"rendered":"<p>Normas y Pol\u00edtica Nuestras normas y pol\u00edtica tienen el objetivo de garantizar la calidad de la estancia de todos los [&hellip;]<\/p>\n","protected":false},"author":1,"featured_media":811,"parent":0,"menu_order":0,"comment_status":"closed","ping_status":"closed","template":"elementor_header_footer","meta":{"site-sidebar-layout":"no-sidebar","site-content-layout":"","ast-site-content-layout":"full-width-container","site-content-style":"default","site-sidebar-style":"default","ast-global-header-display":"","ast-banner-title-visibility":"","ast-main-header-display":"","ast-hfb-above-header-display":"","ast-hfb-below-header-display":"","ast-hfb-mobile-header-display":"","site-post-title":"disabled","ast-breadcrumbs-content":"","ast-featured-img":"disabled","footer-sml-layout":"","ast-disable-related-posts":"","theme-transparent-header-meta":"","adv-header-id-meta":"","stick-header-meta":"","header-above-stick-meta":"","header-main-stick-meta":"","header-below-stick-meta":"","astra-migrate-meta-layouts":"default","ast-page-background-enabled":"default","ast-page-background-meta":{"desktop":{"background-color":"var(--ast-global-color-4)","background-image":"","background-repeat":"repeat","background-position":"center center","background-size":"auto","background-attachment":"scroll","background-type":"","background-media":"","overlay-type":"","overlay-color":"","overlay-opacity":"","overlay-gradient":""},"tablet":{"background-color":"","background-image":"","background-repeat":"repeat","background-position":"center center","background-size":"auto","background-attachment":"scroll","background-type":"","background-media":"","overlay-type":"","overlay-color":"","overlay-opacity":"","overlay-gradient":""},"mobile":{"background-color":"","background-image":"","background-repeat":"repeat","background-position":"center center","background-size":"auto","background-attachment":"scroll","background-type":"","background-media":"","overlay-type":"","overlay-color":"","overlay-opacity":"","overlay-gradient":""}},"ast-content-background-meta":{"desktop":{"background-color":"var(--ast-global-color-5)","background-image":"","background-repeat":"repeat","background-position":"center center","background-size":"auto","background-attachment":"scroll","background-type":"","background-media":"","overlay-type":"","overlay-color":"","overlay-opacity":"","overlay-gradient":""},"tablet":{"background-color":"var(--ast-global-color-5)","background-image":"","background-repeat":"repeat","background-position":"center center","background-size":"auto","background-attachment":"scroll","background-type":"","background-media":"","overlay-type":"","overlay-color":"","overlay-opacity":"","overlay-gradient":""},"mobile":{"background-color":"var(--ast-global-color-5)","background-image":"","background-repeat":"repeat","background-position":"center center","background-size":"auto","background-attachment":"scroll","background-type":"","background-media":"","overlay-type":"","overlay-color":"","overlay-opacity":"","overlay-gradient":""}},"footnotes":""},"class_list":["post-668","page","type-page","status-publish","has-post-thumbnail","hentry"],"yoast_head":"<!-- This site is optimized with the Yoast SEO plugin v27.4 - https:\/\/yoast.com\/product\/yoast-seo-wordpress\/ -->\n<title>Normas y Pol\u00edtica | Sanxenxo Deluxe<\/title>\n<meta name=\"description\" content=\"Revisa las normas de conducta de Sanxenxo Deluxe. Nuestro objetivo es garantizar la m\u00e1xima satisfacci\u00f3n para todos nuestros hu\u00e9spedes.\" \/>\n<meta name=\"robots\" content=\"index, follow, max-snippet:-1, max-image-preview:large, max-video-preview:-1\" \/>\n<link rel=\"canonical\" href=\"https:\/\/sanxenxodeluxe.com\/es_es\/normas-conducta\/\" \/>\n<meta property=\"og:locale\" content=\"es_ES\" \/>\n<meta property=\"og:type\" content=\"article\" \/>\n<meta property=\"og:title\" content=\"Normas y Pol\u00edtica | Sanxenxo Deluxe\" \/>\n<meta property=\"og:description\" content=\"Revisa las normas de conducta de Sanxenxo Deluxe. Nuestro objetivo es garantizar la m\u00e1xima satisfacci\u00f3n para todos nuestros hu\u00e9spedes.\" \/>\n<meta property=\"og:url\" content=\"https:\/\/sanxenxodeluxe.com\/es_es\/normas-conducta\/\" \/>\n<meta property=\"og:site_name\" content=\"Apartamentos para tus vacaciones en Sanxenxo | Sanxenxo Deluxe\" \/>\n<meta property=\"article:modified_time\" content=\"2026-02-25T11:29:29+00:00\" \/>\n<meta property=\"og:image\" content=\"https:\/\/sanxenxodeluxe.com\/wp-content\/uploads\/2024\/11\/normas-de-conducta-sanxenxo-deluxe.webp\" \/>\n\t<meta property=\"og:image:width\" content=\"1500\" \/>\n\t<meta property=\"og:image:height\" content=\"844\" \/>\n\t<meta property=\"og:image:type\" content=\"image\/webp\" \/>\n<meta name=\"twitter:card\" content=\"summary_large_image\" \/>\n<meta name=\"twitter:label1\" content=\"Tiempo de lectura\" \/>\n\t<meta name=\"twitter:data1\" content=\"5 minutos\" \/>\n<!-- \/ Yoast SEO plugin. -->","yoast_head_json":{"title":"Normas y Pol\u00edtica | Sanxenxo Deluxe","description":"Revisa las normas de conducta de Sanxenxo Deluxe. Nuestro objetivo es garantizar la m\u00e1xima satisfacci\u00f3n para todos nuestros hu\u00e9spedes.","robots":{"index":"index","follow":"follow","max-snippet":"max-snippet:-1","max-image-preview":"max-image-preview:large","max-video-preview":"max-video-preview:-1"},"canonical":"https:\/\/sanxenxodeluxe.com\/es_es\/normas-conducta\/","og_locale":"es_ES","og_type":"article","og_title":"Normas y Pol\u00edtica | Sanxenxo Deluxe","og_description":"Revisa las normas de conducta de Sanxenxo Deluxe. Nuestro objetivo es garantizar la m\u00e1xima satisfacci\u00f3n para todos nuestros hu\u00e9spedes.","og_url":"https:\/\/sanxenxodeluxe.com\/es_es\/normas-conducta\/","og_site_name":"Apartamentos para tus vacaciones en Sanxenxo | Sanxenxo Deluxe","article_modified_time":"2026-02-25T11:29:29+00:00","og_image":[{"width":1500,"height":844,"url":"https:\/\/sanxenxodeluxe.com\/wp-content\/uploads\/2024\/11\/normas-de-conducta-sanxenxo-deluxe.webp","type":"image\/webp"}],"twitter_card":"summary_large_image","twitter_misc":{"Tiempo de lectura":"5 minutos"},"schema":{"@context":"https:\/\/schema.org","@graph":[{"@type":"WebPage","@id":"https:\/\/sanxenxodeluxe.com\/es_es\/normas-conducta\/","url":"https:\/\/sanxenxodeluxe.com\/es_es\/normas-conducta\/","name":"Normas y Pol\u00edtica | Sanxenxo Deluxe","isPartOf":{"@id":"https:\/\/sanxenxodeluxe.com\/en\/#website"},"primaryImageOfPage":{"@id":"https:\/\/sanxenxodeluxe.com\/es_es\/normas-conducta\/#primaryimage"},"image":{"@id":"https:\/\/sanxenxodeluxe.com\/es_es\/normas-conducta\/#primaryimage"},"thumbnailUrl":"https:\/\/sanxenxodeluxe.com\/wp-content\/uploads\/2024\/11\/normas-de-conducta-sanxenxo-deluxe.webp","datePublished":"2024-11-08T11:33:16+00:00","dateModified":"2026-02-25T11:29:29+00:00","description":"Revisa las normas de conducta de Sanxenxo Deluxe. Nuestro objetivo es garantizar la m\u00e1xima satisfacci\u00f3n para todos nuestros hu\u00e9spedes.","breadcrumb":{"@id":"https:\/\/sanxenxodeluxe.com\/es_es\/normas-conducta\/#breadcrumb"},"inLanguage":"es","potentialAction":[{"@type":"ReadAction","target":["https:\/\/sanxenxodeluxe.com\/es_es\/normas-conducta\/"]}]},{"@type":"ImageObject","inLanguage":"es","@id":"https:\/\/sanxenxodeluxe.com\/es_es\/normas-conducta\/#primaryimage","url":"https:\/\/sanxenxodeluxe.com\/wp-content\/uploads\/2024\/11\/normas-de-conducta-sanxenxo-deluxe.webp","contentUrl":"https:\/\/sanxenxodeluxe.com\/wp-content\/uploads\/2024\/11\/normas-de-conducta-sanxenxo-deluxe.webp","width":1500,"height":844,"caption":"normas de conducta - sanxenxo deluxe"},{"@type":"BreadcrumbList","@id":"https:\/\/sanxenxodeluxe.com\/es_es\/normas-conducta\/#breadcrumb","itemListElement":[{"@type":"ListItem","position":1,"name":"Portada","item":"https:\/\/sanxenxodeluxe.com\/"},{"@type":"ListItem","position":2,"name":"Normas y Pol\u00edtica | Sanxenxo Deluxe"}]},{"@type":"WebSite","@id":"https:\/\/sanxenxodeluxe.com\/en\/#website","url":"https:\/\/sanxenxodeluxe.com\/en\/","name":"Apartamentos para tus vacaciones en Sanxenxo | Sanxenxo Deluxe","description":"Apartamentos para tus vacaciones en Sanxenxo a escasos metros de las playas de Baltar y Silgar.","publisher":{"@id":"https:\/\/sanxenxodeluxe.com\/en\/#organization"},"potentialAction":[{"@type":"SearchAction","target":{"@type":"EntryPoint","urlTemplate":"https:\/\/sanxenxodeluxe.com\/en\/?s={search_term_string}"},"query-input":{"@type":"PropertyValueSpecification","valueRequired":true,"valueName":"search_term_string"}}],"inLanguage":"es"},{"@type":"Organization","@id":"https:\/\/sanxenxodeluxe.com\/en\/#organization","name":"Apartamentos para tus vacaciones en Sanxenxo | Sanxenxo Deluxe","url":"https:\/\/sanxenxodeluxe.com\/en\/","logo":{"@type":"ImageObject","inLanguage":"es","@id":"https:\/\/sanxenxodeluxe.com\/en\/#\/schema\/logo\/image\/","url":"https:\/\/sanxenxodeluxe.com\/wp-content\/uploads\/2024\/10\/cropped-LOGO-BLANCO.png","contentUrl":"https:\/\/sanxenxodeluxe.com\/wp-content\/uploads\/2024\/10\/cropped-LOGO-BLANCO.png","width":998,"height":998,"caption":"Apartamentos para tus vacaciones en Sanxenxo | Sanxenxo Deluxe "},"image":{"@id":"https:\/\/sanxenxodeluxe.com\/en\/#\/schema\/logo\/image\/"}}]}},"_links":{"self":[{"href":"https:\/\/sanxenxodeluxe.com\/es_es\/wp-json\/wp\/v2\/pages\/668","targetHints":{"allow":["GET"]}}],"collection":[{"href":"https:\/\/sanxenxodeluxe.com\/es_es\/wp-json\/wp\/v2\/pages"}],"about":[{"href":"https:\/\/sanxenxodeluxe.com\/es_es\/wp-json\/wp\/v2\/types\/page"}],"author":[{"embeddable":true,"href":"https:\/\/sanxenxodeluxe.com\/es_es\/wp-json\/wp\/v2\/users\/1"}],"replies":[{"embeddable":true,"href":"https:\/\/sanxenxodeluxe.com\/es_es\/wp-json\/wp\/v2\/comments?post=668"}],"version-history":[{"count":39,"href":"https:\/\/sanxenxodeluxe.com\/es_es\/wp-json\/wp\/v2\/pages\/668\/revisions"}],"predecessor-version":[{"id":2707,"href":"https:\/\/sanxenxodeluxe.com\/es_es\/wp-json\/wp\/v2\/pages\/668\/revisions\/2707"}],"wp:featuredmedia":[{"embeddable":true,"href":"https:\/\/sanxenxodeluxe.com\/es_es\/wp-json\/wp\/v2\/media\/811"}],"wp:attachment":[{"href":"https:\/\/sanxenxodeluxe.com\/es_es\/wp-json\/wp\/v2\/media?parent=668"}],"curies":[{"name":"wp","href":"https:\/\/api.w.org\/{rel}","templated":true}]}}