{"id":660,"date":"2024-11-07T12:13:22","date_gmt":"2024-11-07T12:13:22","guid":{"rendered":"https:\/\/sanxenxodeluxe.com\/?page_id=660"},"modified":"2026-02-25T11:34:15","modified_gmt":"2026-02-25T11:34:15","slug":"politica-de-cookies","status":"publish","type":"page","link":"https:\/\/sanxenxodeluxe.com\/en\/politica-de-cookies\/","title":{"rendered":"Pol\u00edtica de Cookies | Sanxenxo Deluxe"},"content":{"rendered":"<div data-elementor-type=\"wp-page\" data-elementor-id=\"660\" class=\"elementor elementor-660\">\n\t\t\t\t<div class=\"elementor-element elementor-element-9f47a83 e-flex e-con-boxed e-con e-parent\" data-id=\"9f47a83\" data-element_type=\"container\" data-e-type=\"container\" data-settings=\"{&quot;background_background&quot;:&quot;classic&quot;}\">\n\t\t\t\t\t<div class=\"e-con-inner\">\n\t\t\t\t<div class=\"elementor-element elementor-element-9c07ea7 elementor-widget elementor-widget-heading\" data-id=\"9c07ea7\" data-element_type=\"widget\" data-e-type=\"widget\" data-widget_type=\"heading.default\">\n\t\t\t\t<div class=\"elementor-widget-container\">\n\t\t\t\t\t<h1 class=\"elementor-heading-title elementor-size-default\">Cookie<br>policy<\/h1>\t\t\t\t<\/div>\n\t\t\t\t<\/div>\n\t\t\t\t\t<\/div>\n\t\t\t\t<\/div>\n\t\t<div class=\"elementor-element elementor-element-4d9a3b5 e-flex e-con-boxed e-con e-parent\" data-id=\"4d9a3b5\" data-element_type=\"container\" data-e-type=\"container\">\n\t\t\t\t\t<div class=\"e-con-inner\">\n\t\t\t\t<div class=\"elementor-element elementor-element-d336d70 elementor-widget elementor-widget-text-editor\" data-id=\"d336d70\" data-element_type=\"widget\" data-e-type=\"widget\" data-widget_type=\"text-editor.default\">\n\t\t\t\t<div class=\"elementor-widget-container\">\n\t\t\t\t\t\t\t\t\t<p><span style=\"background-color: var(--ast-global-color-5); font-style: inherit; font-weight: inherit;\">Accessing this website may involve the use of cookies. Cookies are small pieces of information stored in the browser used by each User\u2014on the various devices they may use to browse\u2014so that the server can remember certain information that it will later read. Cookies facilitate navigation, make it more user-friendly, and do not damage the browsing device.<\/span><\/p><p>Cookies are automated procedures for collecting information about the preferences determined by the User during their visit to the Website. Their purpose is to recognize the User, personalize their experience, and optimize their use of the Website. Cookies can also help identify and resolve errors.<\/p><p>The information collected through cookies may include the date and time of visits to the Website, the pages viewed, the time spent on the Website, and the sites visited immediately before and after. However, no cookie can contact the User by phone or any other means of personal contact. Cookies cannot extract information from the User\u2019s hard drive or steal personal information. The only way private information can be included in a cookie file is if the User voluntarily provides it to the server.<\/p><p>Cookies that identify a person are considered personal data. Therefore, the previously described Privacy Policy applies to them. In this regard, the User\u2019s consent is required for their use. Consent will be communicated through an explicit affirmative action before cookies are initially processed, and it must be retractable and documented.<\/p><p><b>First-Party Cookies<\/b><\/p><p>These are cookies sent to the User\u2019s computer or device and managed exclusively by Sanxenxo Deluxe to optimize the Website\u2019s performance. The information gathered is used to improve the Website\u2019s quality, content, and user experience. These cookies recognize the User as a recurring visitor and tailor the content to match their preferences.<\/p><p><b>Third-Party Cookies<\/b><\/p><p>These cookies are used and managed by external entities providing services requested by Sanxenxo Deluxe to enhance the Website and the user experience. The primary purposes of third-party cookies include access statistics and analyzing browsing patterns\u2014essentially, understanding how Users interact with the Website.<\/p><p>Collected information may include, for example, the number of pages visited, language preferences, location linked to the User\u2019s IP address, number of Users accessing the site, frequency of visits, duration of visits, browsers used, operators, or types of devices accessing the Website. This data is used to improve the Website and identify new needs to offer Users better content and services. All information is collected anonymously and used to generate trend reports without identifying individual Users.<\/p><p>For more information about cookies, privacy practices, or to review a description of the types of cookies used, their main features, expiration periods, etc., please refer to the following link(s):<\/p><ul><li>Google Analytics, https:\/\/policies.google.com\/technologies\/cookies?hl=es<\/li><\/ul><p>The entity\/entities responsible for supplying cookies may share this information with third parties, provided that it is legally required or if the third party processes the information on behalf of the entity.<\/p><p><b>Disabling, Rejecting, and Deleting Cookies<\/b><\/p><p>Users can disable, reject, and delete cookies\u2014completely or partially\u2014installed on their devices via browser settings (e.g., Chrome, Firefox, Safari, Explorer). The process for rejecting and deleting cookies may vary depending on the browser used. Users should refer to the instructions provided by their specific browser.\n\nIf cookies are rejected\u2014either completely or partially\u2014Users can still use the Website, although some features might be limited.<\/p>\t\t\t\t\t\t\t\t<\/div>\n\t\t\t\t<\/div>\n\t\t\t\t\t<\/div>\n\t\t\t\t<\/div>\n\t\t\t\t<\/div>","protected":false},"excerpt":{"rendered":"<p>Pol\u00edticade cookies El acceso a este Sitio Web puede implicar la utilizaci\u00f3n de cookies. Las cookies son peque\u00f1as cantidades de [&hellip;]<\/p>\n","protected":false},"author":1,"featured_media":833,"parent":0,"menu_order":0,"comment_status":"closed","ping_status":"closed","template":"elementor_header_footer","meta":{"site-sidebar-layout":"no-sidebar","site-content-layout":"","ast-site-content-layout":"full-width-container","site-content-style":"default","site-sidebar-style":"default","ast-global-header-display":"","ast-banner-title-visibility":"","ast-main-header-display":"","ast-hfb-above-header-display":"","ast-hfb-below-header-display":"","ast-hfb-mobile-header-display":"","site-post-title":"disabled","ast-breadcrumbs-content":"","ast-featured-img":"disabled","footer-sml-layout":"","ast-disable-related-posts":"","theme-transparent-header-meta":"","adv-header-id-meta":"","stick-header-meta":"","header-above-stick-meta":"","header-main-stick-meta":"","header-below-stick-meta":"","astra-migrate-meta-layouts":"default","ast-page-background-enabled":"default","ast-page-background-meta":{"desktop":{"background-color":"var(--ast-global-color-4)","background-image":"","background-repeat":"repeat","background-position":"center center","background-size":"auto","background-attachment":"scroll","background-type":"","background-media":"","overlay-type":"","overlay-color":"","overlay-opacity":"","overlay-gradient":""},"tablet":{"background-color":"","background-image":"","background-repeat":"repeat","background-position":"center center","background-size":"auto","background-attachment":"scroll","background-type":"","background-media":"","overlay-type":"","overlay-color":"","overlay-opacity":"","overlay-gradient":""},"mobile":{"background-color":"","background-image":"","background-repeat":"repeat","background-position":"center center","background-size":"auto","background-attachment":"scroll","background-type":"","background-media":"","overlay-type":"","overlay-color":"","overlay-opacity":"","overlay-gradient":""}},"ast-content-background-meta":{"desktop":{"background-color":"var(--ast-global-color-5)","background-image":"","background-repeat":"repeat","background-position":"center center","background-size":"auto","background-attachment":"scroll","background-type":"","background-media":"","overlay-type":"","overlay-color":"","overlay-opacity":"","overlay-gradient":""},"tablet":{"background-color":"var(--ast-global-color-5)","background-image":"","background-repeat":"repeat","background-position":"center center","background-size":"auto","background-attachment":"scroll","background-type":"","background-media":"","overlay-type":"","overlay-color":"","overlay-opacity":"","overlay-gradient":""},"mobile":{"background-color":"var(--ast-global-color-5)","background-image":"","background-repeat":"repeat","background-position":"center center","background-size":"auto","background-attachment":"scroll","background-type":"","background-media":"","overlay-type":"","overlay-color":"","overlay-opacity":"","overlay-gradient":""}},"footnotes":""},"class_list":["post-660","page","type-page","status-publish","has-post-thumbnail","hentry"],"yoast_head":"<!-- This site is optimized with the Yoast SEO plugin v27.4 - https:\/\/yoast.com\/product\/yoast-seo-wordpress\/ -->\n<title>Pol\u00edtica de Cookies | Sanxenxo Deluxe<\/title>\n<meta name=\"description\" content=\"Conoce c\u00f3mo utilizamos las cookies en Sanxenxo Deluxe para mejorar tu experiencia en Sanxenxo y cumplir con la legislaci\u00f3n vigente.\" \/>\n<meta name=\"robots\" content=\"index, follow, max-snippet:-1, max-image-preview:large, max-video-preview:-1\" \/>\n<link rel=\"canonical\" href=\"https:\/\/sanxenxodeluxe.com\/en\/politica-de-cookies\/\" \/>\n<meta property=\"og:locale\" content=\"en_GB\" \/>\n<meta property=\"og:type\" content=\"article\" \/>\n<meta property=\"og:title\" content=\"Pol\u00edtica de Cookies | Sanxenxo Deluxe\" \/>\n<meta property=\"og:description\" content=\"Conoce c\u00f3mo utilizamos las cookies en Sanxenxo Deluxe para mejorar tu experiencia en Sanxenxo y cumplir con la legislaci\u00f3n vigente.\" \/>\n<meta property=\"og:url\" content=\"https:\/\/sanxenxodeluxe.com\/en\/politica-de-cookies\/\" \/>\n<meta property=\"og:site_name\" content=\"Apartamentos para tus vacaciones en Sanxenxo | Sanxenxo Deluxe\" \/>\n<meta property=\"article:modified_time\" content=\"2026-02-25T11:34:15+00:00\" \/>\n<meta property=\"og:image\" content=\"https:\/\/sanxenxodeluxe.com\/wp-content\/uploads\/2024\/11\/politica-de-cookies-sanxenxo-deluxe.webp\" \/>\n\t<meta property=\"og:image:width\" content=\"1500\" \/>\n\t<meta property=\"og:image:height\" content=\"844\" \/>\n\t<meta property=\"og:image:type\" content=\"image\/webp\" \/>\n<meta name=\"twitter:card\" content=\"summary_large_image\" \/>\n<meta name=\"twitter:label1\" content=\"Estimated reading time\" \/>\n\t<meta name=\"twitter:data1\" content=\"4 minutes\" \/>\n<!-- \/ Yoast SEO plugin. -->","yoast_head_json":{"title":"Pol\u00edtica de Cookies | Sanxenxo Deluxe","description":"Conoce c\u00f3mo utilizamos las cookies en Sanxenxo Deluxe para mejorar tu experiencia en Sanxenxo y cumplir con la legislaci\u00f3n vigente.","robots":{"index":"index","follow":"follow","max-snippet":"max-snippet:-1","max-image-preview":"max-image-preview:large","max-video-preview":"max-video-preview:-1"},"canonical":"https:\/\/sanxenxodeluxe.com\/en\/politica-de-cookies\/","og_locale":"en_GB","og_type":"article","og_title":"Pol\u00edtica de Cookies | Sanxenxo Deluxe","og_description":"Conoce c\u00f3mo utilizamos las cookies en Sanxenxo Deluxe para mejorar tu experiencia en Sanxenxo y cumplir con la legislaci\u00f3n vigente.","og_url":"https:\/\/sanxenxodeluxe.com\/en\/politica-de-cookies\/","og_site_name":"Apartamentos para tus vacaciones en Sanxenxo | Sanxenxo Deluxe","article_modified_time":"2026-02-25T11:34:15+00:00","og_image":[{"width":1500,"height":844,"url":"https:\/\/sanxenxodeluxe.com\/wp-content\/uploads\/2024\/11\/politica-de-cookies-sanxenxo-deluxe.webp","type":"image\/webp"}],"twitter_card":"summary_large_image","twitter_misc":{"Estimated reading time":"4 minutes"},"schema":{"@context":"https:\/\/schema.org","@graph":[{"@type":"WebPage","@id":"https:\/\/sanxenxodeluxe.com\/es_es\/politica-de-cookies\/","url":"https:\/\/sanxenxodeluxe.com\/es_es\/politica-de-cookies\/","name":"Pol\u00edtica de Cookies | Sanxenxo Deluxe","isPartOf":{"@id":"https:\/\/sanxenxodeluxe.com\/en\/#website"},"primaryImageOfPage":{"@id":"https:\/\/sanxenxodeluxe.com\/es_es\/politica-de-cookies\/#primaryimage"},"image":{"@id":"https:\/\/sanxenxodeluxe.com\/es_es\/politica-de-cookies\/#primaryimage"},"thumbnailUrl":"https:\/\/sanxenxodeluxe.com\/wp-content\/uploads\/2024\/11\/politica-de-cookies-sanxenxo-deluxe.webp","datePublished":"2024-11-07T12:13:22+00:00","dateModified":"2026-02-25T11:34:15+00:00","description":"Conoce c\u00f3mo utilizamos las cookies en Sanxenxo Deluxe para mejorar tu experiencia en Sanxenxo y cumplir con la legislaci\u00f3n vigente.","breadcrumb":{"@id":"https:\/\/sanxenxodeluxe.com\/es_es\/politica-de-cookies\/#breadcrumb"},"inLanguage":"en-GB","potentialAction":[{"@type":"ReadAction","target":["https:\/\/sanxenxodeluxe.com\/es_es\/politica-de-cookies\/"]}]},{"@type":"ImageObject","inLanguage":"en-GB","@id":"https:\/\/sanxenxodeluxe.com\/es_es\/politica-de-cookies\/#primaryimage","url":"https:\/\/sanxenxodeluxe.com\/wp-content\/uploads\/2024\/11\/politica-de-cookies-sanxenxo-deluxe.webp","contentUrl":"https:\/\/sanxenxodeluxe.com\/wp-content\/uploads\/2024\/11\/politica-de-cookies-sanxenxo-deluxe.webp","width":1500,"height":844,"caption":"politica de cookies - sanxenxo deluxe"},{"@type":"BreadcrumbList","@id":"https:\/\/sanxenxodeluxe.com\/es_es\/politica-de-cookies\/#breadcrumb","itemListElement":[{"@type":"ListItem","position":1,"name":"Portada","item":"https:\/\/sanxenxodeluxe.com\/"},{"@type":"ListItem","position":2,"name":"Pol\u00edtica de Cookies | Sanxenxo Deluxe"}]},{"@type":"WebSite","@id":"https:\/\/sanxenxodeluxe.com\/en\/#website","url":"https:\/\/sanxenxodeluxe.com\/en\/","name":"Apartamentos para tus vacaciones en Sanxenxo | Sanxenxo Deluxe","description":"Apartamentos para tus vacaciones en Sanxenxo a escasos metros de las playas de Baltar y Silgar.","publisher":{"@id":"https:\/\/sanxenxodeluxe.com\/en\/#organization"},"potentialAction":[{"@type":"SearchAction","target":{"@type":"EntryPoint","urlTemplate":"https:\/\/sanxenxodeluxe.com\/en\/?s={search_term_string}"},"query-input":{"@type":"PropertyValueSpecification","valueRequired":true,"valueName":"search_term_string"}}],"inLanguage":"en-GB"},{"@type":"Organization","@id":"https:\/\/sanxenxodeluxe.com\/en\/#organization","name":"Apartamentos para tus vacaciones en Sanxenxo | Sanxenxo Deluxe","url":"https:\/\/sanxenxodeluxe.com\/en\/","logo":{"@type":"ImageObject","inLanguage":"en-GB","@id":"https:\/\/sanxenxodeluxe.com\/en\/#\/schema\/logo\/image\/","url":"https:\/\/sanxenxodeluxe.com\/wp-content\/uploads\/2024\/10\/cropped-LOGO-BLANCO.png","contentUrl":"https:\/\/sanxenxodeluxe.com\/wp-content\/uploads\/2024\/10\/cropped-LOGO-BLANCO.png","width":998,"height":998,"caption":"Apartamentos para tus vacaciones en Sanxenxo | Sanxenxo Deluxe "},"image":{"@id":"https:\/\/sanxenxodeluxe.com\/en\/#\/schema\/logo\/image\/"}}]}},"_links":{"self":[{"href":"https:\/\/sanxenxodeluxe.com\/en\/wp-json\/wp\/v2\/pages\/660","targetHints":{"allow":["GET"]}}],"collection":[{"href":"https:\/\/sanxenxodeluxe.com\/en\/wp-json\/wp\/v2\/pages"}],"about":[{"href":"https:\/\/sanxenxodeluxe.com\/en\/wp-json\/wp\/v2\/types\/page"}],"author":[{"embeddable":true,"href":"https:\/\/sanxenxodeluxe.com\/en\/wp-json\/wp\/v2\/users\/1"}],"replies":[{"embeddable":true,"href":"https:\/\/sanxenxodeluxe.com\/en\/wp-json\/wp\/v2\/comments?post=660"}],"version-history":[{"count":16,"href":"https:\/\/sanxenxodeluxe.com\/en\/wp-json\/wp\/v2\/pages\/660\/revisions"}],"predecessor-version":[{"id":2722,"href":"https:\/\/sanxenxodeluxe.com\/en\/wp-json\/wp\/v2\/pages\/660\/revisions\/2722"}],"wp:featuredmedia":[{"embeddable":true,"href":"https:\/\/sanxenxodeluxe.com\/en\/wp-json\/wp\/v2\/media\/833"}],"wp:attachment":[{"href":"https:\/\/sanxenxodeluxe.com\/en\/wp-json\/wp\/v2\/media?parent=660"}],"curies":[{"name":"wp","href":"https:\/\/api.w.org\/{rel}","templated":true}]}}